{"id":42,"date":"2022-08-06T00:38:10","date_gmt":"2022-08-06T00:38:10","guid":{"rendered":"https:\/\/conceitualtech.com.br\/site\/about\/"},"modified":"2024-07-30T23:57:18","modified_gmt":"2024-07-30T23:57:18","slug":"sobre","status":"publish","type":"page","link":"https:\/\/conceitualtech.com.br\/site\/sobre\/","title":{"rendered":"Sobre"},"content":{"rendered":"\n\n\n<h2>Sobre a Empresa<\/h2>\n\n<p class=\"MsoNormal\" style=\"text-indent:35.4pt\">Na Conceitual Tech, nossa miss\u00e3o \u00e9 transformar suas ideias em realidade. Acreditamos que todos merecem um lar aconchegante e bem decorado, e \u00e9 por isso que nos dedicamos a fornecer produtos de alta qualidade a pre\u00e7os justos.<o:p><\/o:p><\/p>\n<p class=\"MsoNormal\" style=\"text-indent:35.4pt\">Especializados em itens personalizados, oferecemos uma ampla gama de produtos, desde placas e caixas em MDF at\u00e9 servi\u00e7os de impress\u00e3o 3D. Nosso objetivo \u00e9 atender \u00e0s suas necessidades, seja na papelaria, material escolar, jogos educativos, ou equipamentos de inform\u00e1tica.<o:p><\/o:p><\/p>\n<p class=\"MsoNormal\" style=\"text-indent:35.4pt\">Estamos comprometidos em entregar excel\u00eancia em cada produto e servi\u00e7o, garantindo que voc\u00ea tenha a melhor experi\u00eancia poss\u00edvel. Venha descobrir como podemos ajudar a tornar seu espa\u00e7o mais bonito e funcional.<o:p><\/o:p><\/p>\n<p class=\"MsoNormal\" style=\"text-indent:35.4pt\">Juntos, podemos transformar seu projeto em algo real e especial.<o:p><\/o:p><\/p>\n<p class=\"MsoNormal\" style=\"text-indent:35.4pt\">Atenciosamente,<o:p><\/o:p><\/p><p>\n\n\n\n\n\n\n\n\n\n<\/p><p class=\"MsoNormal\" style=\"text-indent:35.4pt\">Conceitual Tech.<o:p><\/o:p><\/p>\n\n\n","protected":false},"excerpt":{"rendered":"","protected":false},"author":1,"featured_media":0,"parent":0,"menu_order":0,"comment_status":"closed","ping_status":"closed","template":"","meta":{"pagelayer_contact_templates":[],"_pagelayer_content":""},"_links":{"self":[{"href":"https:\/\/conceitualtech.com.br\/site\/wp-json\/wp\/v2\/pages\/42"}],"collection":[{"href":"https:\/\/conceitualtech.com.br\/site\/wp-json\/wp\/v2\/pages"}],"about":[{"href":"https:\/\/conceitualtech.com.br\/site\/wp-json\/wp\/v2\/types\/page"}],"author":[{"embeddable":true,"href":"https:\/\/conceitualtech.com.br\/site\/wp-json\/wp\/v2\/users\/1"}],"replies":[{"embeddable":true,"href":"https:\/\/conceitualtech.com.br\/site\/wp-json\/wp\/v2\/comments?post=42"}],"version-history":[{"count":6,"href":"https:\/\/conceitualtech.com.br\/site\/wp-json\/wp\/v2\/pages\/42\/revisions"}],"predecessor-version":[{"id":214,"href":"https:\/\/conceitualtech.com.br\/site\/wp-json\/wp\/v2\/pages\/42\/revisions\/214"}],"wp:attachment":[{"href":"https:\/\/conceitualtech.com.br\/site\/wp-json\/wp\/v2\/media?parent=42"}],"curies":[{"name":"wp","href":"https:\/\/api.w.org\/{rel}","templated":true}]}}