{"id":40,"date":"2022-08-06T00:38:10","date_gmt":"2022-08-06T00:38:10","guid":{"rendered":"https:\/\/conceitualtech.com.br\/site\/home\/"},"modified":"2024-07-30T23:30:59","modified_gmt":"2024-07-30T23:30:59","slug":"inicio","status":"publish","type":"page","link":"https:\/\/conceitualtech.com.br\/site\/","title":{"rendered":"In\u00edcio"},"content":{"rendered":"\n\n\n\n\n\n\n\n\n\n\n\n\n\n\n\n<h2>Aqui a criatividade e tecnologia se encontram!&nbsp;<\/h2>\n<p class=\"MsoNormal\"><span style=\"font-size: medium;\">Transforme suas ideias em realidade com nossos produtos personalizados e servi\u00e7os de excel\u00eancia.<\/span><br><\/p><p class=\"MsoNormal\"><font size=\"3\"><br><\/font><\/p><p class=\"MsoNormal\"><font size=\"3\">Nossas produ\u00e7\u00f5es em MDF e servi\u00e7os de impress\u00e3o 3D s\u00e3o perfeitos para presentear e decorar. Da papelaria ao material escolar, passando por jogos educativos e equipamentos de inform\u00e1tica, temos tudo para atender suas necessidades.<\/font>&nbsp;<span style=\"font-size:medium;\"><\/span><\/p>\n\n\n\n\n<h2>Confira algumas das nossas \u00c1reas de atua\u00e7\u00e3o<\/h2>\n<p style=\"text-align: center\"><br><\/p>\n\n\n<p><br><\/p>\n<p><br><\/p>\n<p><br><\/p>\n<p><br><\/p>\n<p><br><\/p>\n\n\n\n\n\n\n<p><br><\/p>\n<p><br><\/p>\n<p><br><\/p>\n<p><br><\/p>\n<p><br><\/p>\n\n\n\n\n\n\n<h2>Inform\u00e1tica<\/h2>\n<p><span style=\"font-size: medium; line-height: 107%; font-family: Calibri, sans-serif;\">Oferecemos\npara voc\u00ea as melhores condi\u00e7\u00f5es para compra de equipamentos de inform\u00e1tica no\ngeral, tais como: Notebooks, Impressoras, Roteadores, Mouses, Teclados,\nTablets, HDs, SSDs, Estabilizadores entre outros.<\/span><br><\/p>\n\n\n\n\n\n\n\n\n\n\n\n\n\n\n\n\n\n\n\n\n\n<h2>Jogos educativos<\/h2>\n<p><span style=\"font-size: medium; line-height: 107%; font-family: Calibri, sans-serif;\">Que tal deixar as aulas mais animadas e proporcionar uma escola atrativa aos alunos? Os jogos de tabuleiro s\u00e3o excelentes ferramentas para isso, s\u00e3o \u00f3timos para estimular o pensamento l\u00f3gico, cooperativo e estrat\u00e9gico, al\u00e9m disso, s\u00e3o bem divertidos.<\/span><br><\/p>\n\n\n\n\n\n\n\n\n\n\n\n\n\n\n\n\n\n\n\n\n\n<h2>\u00c1udio, V\u00cddeo e Eletrodom\u00e9sticos<\/h2>\n<p>Aqui voc\u00ea encontra tudo em equipamentos de \u00c1udio, V\u00eddeo e Eletrodom\u00e9sticos.<\/p>\n\n\n\n\n\n\n<h5>O que voc\u00ea precisa?<\/h5>\n<p>Temos um vasto cat\u00e1logo de produtos, basta entrar em contato e nos dizer o que voc\u00ea precisa. Estaremos prontos para lhe atender e fornecer os melhores produtos do mercado. C\u00e2meras fotogr\u00e1ficas, caixas amplificadas, televisores, liquidificadores, batedeiras, geladeiras. Entre em contato e pe\u00e7a um or\u00e7amento.<\/p>\n<p>N\u00f3s da Conceitual Tech teremos o maior prazer em atende-lo.<\/p>\n\n\n\n\n\n\n\n\n\n\n\n\n\n\n\n\n\n\n\n\n\n\n\n\n","protected":false},"excerpt":{"rendered":"","protected":false},"author":1,"featured_media":0,"parent":0,"menu_order":0,"comment_status":"closed","ping_status":"closed","template":"","meta":{"pagelayer_contact_templates":[],"_pagelayer_content":""},"_links":{"self":[{"href":"https:\/\/conceitualtech.com.br\/site\/wp-json\/wp\/v2\/pages\/40"}],"collection":[{"href":"https:\/\/conceitualtech.com.br\/site\/wp-json\/wp\/v2\/pages"}],"about":[{"href":"https:\/\/conceitualtech.com.br\/site\/wp-json\/wp\/v2\/types\/page"}],"author":[{"embeddable":true,"href":"https:\/\/conceitualtech.com.br\/site\/wp-json\/wp\/v2\/users\/1"}],"replies":[{"embeddable":true,"href":"https:\/\/conceitualtech.com.br\/site\/wp-json\/wp\/v2\/comments?post=40"}],"version-history":[{"count":41,"href":"https:\/\/conceitualtech.com.br\/site\/wp-json\/wp\/v2\/pages\/40\/revisions"}],"predecessor-version":[{"id":213,"href":"https:\/\/conceitualtech.com.br\/site\/wp-json\/wp\/v2\/pages\/40\/revisions\/213"}],"wp:attachment":[{"href":"https:\/\/conceitualtech.com.br\/site\/wp-json\/wp\/v2\/media?parent=40"}],"curies":[{"name":"wp","href":"https:\/\/api.w.org\/{rel}","templated":true}]}}